{"id":596,"date":"2016-10-24T14:44:53","date_gmt":"2016-10-24T18:44:53","guid":{"rendered":"http:\/\/simon.wps.dev\/fr\/pay-off-your-mortgage-faster\/"},"modified":"2017-01-14T22:47:11","modified_gmt":"2017-01-15T03:47:11","slug":"pay-off-your-mortgage-faster","status":"publish","type":"page","link":"https:\/\/tabmortgages.ca\/fr\/home-purchase\/pay-off-your-mortgage-faster\/","title":{"rendered":"Payer Votre Hypoth\u00e8que Plus Rapidement"},"content":{"rendered":"<p>EN GARDANT L\u2019\u0152IL TOURN\u00c9 VERS LE FUTUR, ET AVEC UNE PETITE DOSE DE SACRIFICE, PLUSIEURS PERSONNES R\u00c9USSISSENT \u00c0 PAYER LEUR HYPOTH\u00c8QUE PLUS RAPIDEMENT EN SUIVANT CERTAINES \u00c9TAPES POSITIVES, TELLES QUE :<\/p>\n<ul>\n<li>Effectuer des paiements hypoth\u00e9caires sur une base hebdomadaire ou aux deux semaines. Les deux options permettent de baisser votre int\u00e9r\u00eat \u00e0 payer tout au long de la dur\u00e9e de l\u2019hypoth\u00e8que et peuvent r\u00e9sulter en l\u2019\u00e9conomie de l\u2019\u00e9quivalent d\u2019un mois, chaque ann\u00e9e. Payer votre hypoth\u00e8que de cette mani\u00e8re peut abaisser la dur\u00e9e habituelle de 25 ans \u00e0 environ 21.<\/li>\n<li>Lorsque votre revenu augmente, vous pourriez augmenter vos paiements hypoth\u00e9caires. Si vous obtenez une augmentation de 5 % annuellement \u00e0 votre travail, vous pourriez mettre ce 5 % suppl\u00e9mentaire sur votre hypoth\u00e8que. Votre capital restant \u00e0 payer s\u2019abaissera plus rapidement sans que vous ayez \u00e0 changer vos habitudes financi\u00e8res.<\/li>\n<li>Les pr\u00eateurs hypoth\u00e9caires peuvent vous permettre des paiements additionnels sur votre solde, chaque ann\u00e9e. Presque tout le monde se retrouve avec des montants inattendus, \u00e0 un moment ou \u00e0 un autre. Peut-\u00eatre avez-vous h\u00e9rit\u00e9 d\u2019un parent \u00e9loign\u00e9, ou vous avez re\u00e7u un bonus de vacances \u00e0 votre travail. Effectuez un paiement forfaitaire sur votre hypoth\u00e8que et r\u00e9coltez les r\u00e9sultats.<\/li>\n<\/ul>\n<p>L\u2019application de ces strat\u00e9gies au fil des ann\u00e9es vous permettra d\u2019\u00e9conomiser de l\u2019argent, de payer moins d\u2019int\u00e9r\u00eats et de payer votre hypoth\u00e8que plus rapidement!<\/p>\n","protected":false},"excerpt":{"rendered":"<p>Au Canada, les hypoth\u00e8ques sont habituellement amorties sur 25 ou 30 ans. Bien que cette p\u00e9riode pourrait sembler longue, certaines personnes peuvent choisir de payer sur une plus courte p\u00e9riode.<\/p>\n","protected":false},"author":1,"featured_media":525,"parent":628,"menu_order":0,"comment_status":"closed","ping_status":"closed","template":"","meta":[],"yoast_head":"<!-- This site is optimized with the Yoast SEO plugin v17.1 - https:\/\/yoast.com\/wordpress\/plugins\/seo\/ -->\n<meta name=\"robots\" content=\"index, follow, max-snippet:-1, max-image-preview:large, max-video-preview:-1\" \/>\n<link rel=\"canonical\" href=\"https:\/\/tabmortgages.ca\/fr\/home-purchase\/pay-off-your-mortgage-faster\/\" \/>\n<meta property=\"og:locale\" content=\"fr_FR\" \/>\n<meta property=\"og:type\" content=\"article\" \/>\n<meta property=\"og:title\" content=\"Payer Votre Hypoth\u00e8que Plus Rapidement - Centres Hypoth\u00e9caires Dominion\" \/>\n<meta property=\"og:description\" content=\"Au Canada, les hypoth\u00e8ques sont habituellement amorties sur 25 ou 30 ans. Bien que cette p\u00e9riode pourrait sembler longue, certaines personnes peuvent choisir de payer sur une plus courte p\u00e9riode.\" \/>\n<meta property=\"og:url\" content=\"https:\/\/tabmortgages.ca\/fr\/home-purchase\/pay-off-your-mortgage-faster\/\" \/>\n<meta property=\"og:site_name\" content=\"Centres Hypoth\u00e9caires Dominion\" \/>\n<meta property=\"article:modified_time\" content=\"2017-01-15T03:47:11+00:00\" \/>\n<meta property=\"og:image\" content=\"https:\/\/tabmortgages.ca\/wp-content\/uploads\/2016\/10\/pay-off-faster.jpg\" \/>\n\t<meta property=\"og:image:width\" content=\"1200\" \/>\n\t<meta property=\"og:image:height\" content=\"611\" \/>\n<meta name=\"twitter:card\" content=\"summary\" \/>\n<meta name=\"twitter:label1\" content=\"Dur\u00e9e de lecture est.\" \/>\n\t<meta name=\"twitter:data1\" content=\"1 minute\" \/>\n<script type=\"application\/ld+json\" class=\"yoast-schema-graph\">{\"@context\":\"https:\/\/schema.org\",\"@graph\":[{\"@type\":\"Organization\",\"@id\":\"https:\/\/tabmortgages.ca\/#organization\",\"name\":\"Centres Hypoth\\u00e9caires Dominion\",\"url\":\"https:\/\/tabmortgages.ca\/\",\"sameAs\":[],\"logo\":{\"@type\":\"ImageObject\",\"@id\":\"https:\/\/tabmortgages.ca\/#logo\",\"inLanguage\":\"fr-FR\",\"url\":\"http:\/\/master.wps.dlcserver.com\/wp-content\/uploads\/2017\/01\/vector_DLC1.jpg\",\"contentUrl\":\"http:\/\/master.wps.dlcserver.com\/wp-content\/uploads\/2017\/01\/vector_DLC1.jpg\",\"width\":369,\"height\":173,\"caption\":\"Centres Hypoth\\u00e9caires Dominion\"},\"image\":{\"@id\":\"https:\/\/tabmortgages.ca\/#logo\"}},{\"@type\":\"WebSite\",\"@id\":\"https:\/\/tabmortgages.ca\/#website\",\"url\":\"https:\/\/tabmortgages.ca\/\",\"name\":\"Centres Hypoth\\u00e9caires Dominion\",\"description\":\"Just another WordPress site\",\"publisher\":{\"@id\":\"https:\/\/tabmortgages.ca\/#organization\"},\"potentialAction\":[{\"@type\":\"SearchAction\",\"target\":{\"@type\":\"EntryPoint\",\"urlTemplate\":\"https:\/\/tabmortgages.ca\/?s={search_term_string}\"},\"query-input\":\"required name=search_term_string\"}],\"inLanguage\":\"fr-FR\"},{\"@type\":\"ImageObject\",\"@id\":\"https:\/\/tabmortgages.ca\/fr\/home-purchase\/pay-off-your-mortgage-faster\/#primaryimage\",\"inLanguage\":\"fr-FR\",\"url\":\"https:\/\/tabmortgages.ca\/wp-content\/uploads\/2016\/10\/pay-off-faster.jpg\",\"contentUrl\":\"https:\/\/tabmortgages.ca\/wp-content\/uploads\/2016\/10\/pay-off-faster.jpg\",\"width\":1200,\"height\":611},{\"@type\":\"WebPage\",\"@id\":\"https:\/\/tabmortgages.ca\/fr\/home-purchase\/pay-off-your-mortgage-faster\/#webpage\",\"url\":\"https:\/\/tabmortgages.ca\/fr\/home-purchase\/pay-off-your-mortgage-faster\/\",\"name\":\"Payer Votre Hypoth\\u00e8que Plus Rapidement - Centres Hypoth\\u00e9caires Dominion\",\"isPartOf\":{\"@id\":\"https:\/\/tabmortgages.ca\/#website\"},\"primaryImageOfPage\":{\"@id\":\"https:\/\/tabmortgages.ca\/fr\/home-purchase\/pay-off-your-mortgage-faster\/#primaryimage\"},\"datePublished\":\"2016-10-24T18:44:53+00:00\",\"dateModified\":\"2017-01-15T03:47:11+00:00\",\"breadcrumb\":{\"@id\":\"https:\/\/tabmortgages.ca\/fr\/home-purchase\/pay-off-your-mortgage-faster\/#breadcrumb\"},\"inLanguage\":\"fr-FR\",\"potentialAction\":[{\"@type\":\"ReadAction\",\"target\":[\"https:\/\/tabmortgages.ca\/fr\/home-purchase\/pay-off-your-mortgage-faster\/\"]}]},{\"@type\":\"BreadcrumbList\",\"@id\":\"https:\/\/tabmortgages.ca\/fr\/home-purchase\/pay-off-your-mortgage-faster\/#breadcrumb\",\"itemListElement\":[{\"@type\":\"ListItem\",\"position\":1,\"name\":\"Home\",\"item\":\"https:\/\/tabmortgages.ca\/fr\/\"},{\"@type\":\"ListItem\",\"position\":2,\"name\":\"Home Purchase\",\"item\":\"https:\/\/tabmortgages.ca\/fr\/home-purchase\/\"},{\"@type\":\"ListItem\",\"position\":3,\"name\":\"Payer Votre Hypoth\\u00e8que Plus Rapidement\"}]}]}<\/script>\n<!-- \/ Yoast SEO plugin. -->","yoast_head_json":{"robots":{"index":"index","follow":"follow","max-snippet":"max-snippet:-1","max-image-preview":"max-image-preview:large","max-video-preview":"max-video-preview:-1"},"canonical":"https:\/\/tabmortgages.ca\/fr\/home-purchase\/pay-off-your-mortgage-faster\/","og_locale":"fr_FR","og_type":"article","og_title":"Payer Votre Hypoth\u00e8que Plus Rapidement - Centres Hypoth\u00e9caires Dominion","og_description":"Au Canada, les hypoth\u00e8ques sont habituellement amorties sur 25 ou 30 ans. Bien que cette p\u00e9riode pourrait sembler longue, certaines personnes peuvent choisir de payer sur une plus courte p\u00e9riode.","og_url":"https:\/\/tabmortgages.ca\/fr\/home-purchase\/pay-off-your-mortgage-faster\/","og_site_name":"Centres Hypoth\u00e9caires Dominion","article_modified_time":"2017-01-15T03:47:11+00:00","og_image":[{"width":1200,"height":611,"url":"https:\/\/tabmortgages.ca\/wp-content\/uploads\/2016\/10\/pay-off-faster.jpg","path":"\/var\/www\/sites\/wps\/sites\/code\/wp-content\/uploads\/2016\/10\/pay-off-faster.jpg","size":"full","id":525,"alt":"","pixels":733200,"type":"image\/jpeg"}],"twitter_card":"summary","twitter_misc":{"Dur\u00e9e de lecture est.":"1 minute"},"schema":{"@context":"https:\/\/schema.org","@graph":[{"@type":"Organization","@id":"https:\/\/tabmortgages.ca\/#organization","name":"Centres Hypoth\u00e9caires Dominion","url":"https:\/\/tabmortgages.ca\/","sameAs":[],"logo":{"@type":"ImageObject","@id":"https:\/\/tabmortgages.ca\/#logo","inLanguage":"fr-FR","url":"http:\/\/master.wps.dlcserver.com\/wp-content\/uploads\/2017\/01\/vector_DLC1.jpg","contentUrl":"http:\/\/master.wps.dlcserver.com\/wp-content\/uploads\/2017\/01\/vector_DLC1.jpg","width":369,"height":173,"caption":"Centres Hypoth\u00e9caires Dominion"},"image":{"@id":"https:\/\/tabmortgages.ca\/#logo"}},{"@type":"WebSite","@id":"https:\/\/tabmortgages.ca\/#website","url":"https:\/\/tabmortgages.ca\/","name":"Centres Hypoth\u00e9caires Dominion","description":"Just another WordPress site","publisher":{"@id":"https:\/\/tabmortgages.ca\/#organization"},"potentialAction":[{"@type":"SearchAction","target":{"@type":"EntryPoint","urlTemplate":"https:\/\/tabmortgages.ca\/?s={search_term_string}"},"query-input":"required name=search_term_string"}],"inLanguage":"fr-FR"},{"@type":"ImageObject","@id":"https:\/\/tabmortgages.ca\/fr\/home-purchase\/pay-off-your-mortgage-faster\/#primaryimage","inLanguage":"fr-FR","url":"https:\/\/tabmortgages.ca\/wp-content\/uploads\/2016\/10\/pay-off-faster.jpg","contentUrl":"https:\/\/tabmortgages.ca\/wp-content\/uploads\/2016\/10\/pay-off-faster.jpg","width":1200,"height":611},{"@type":"WebPage","@id":"https:\/\/tabmortgages.ca\/fr\/home-purchase\/pay-off-your-mortgage-faster\/#webpage","url":"https:\/\/tabmortgages.ca\/fr\/home-purchase\/pay-off-your-mortgage-faster\/","name":"Payer Votre Hypoth\u00e8que Plus Rapidement - Centres Hypoth\u00e9caires Dominion","isPartOf":{"@id":"https:\/\/tabmortgages.ca\/#website"},"primaryImageOfPage":{"@id":"https:\/\/tabmortgages.ca\/fr\/home-purchase\/pay-off-your-mortgage-faster\/#primaryimage"},"datePublished":"2016-10-24T18:44:53+00:00","dateModified":"2017-01-15T03:47:11+00:00","breadcrumb":{"@id":"https:\/\/tabmortgages.ca\/fr\/home-purchase\/pay-off-your-mortgage-faster\/#breadcrumb"},"inLanguage":"fr-FR","potentialAction":[{"@type":"ReadAction","target":["https:\/\/tabmortgages.ca\/fr\/home-purchase\/pay-off-your-mortgage-faster\/"]}]},{"@type":"BreadcrumbList","@id":"https:\/\/tabmortgages.ca\/fr\/home-purchase\/pay-off-your-mortgage-faster\/#breadcrumb","itemListElement":[{"@type":"ListItem","position":1,"name":"Home","item":"https:\/\/tabmortgages.ca\/fr\/"},{"@type":"ListItem","position":2,"name":"Home Purchase","item":"https:\/\/tabmortgages.ca\/fr\/home-purchase\/"},{"@type":"ListItem","position":3,"name":"Payer Votre Hypoth\u00e8que Plus Rapidement"}]}]}},"_links":{"self":[{"href":"https:\/\/tabmortgages.ca\/fr\/wp-json\/wp\/v2\/pages\/596"}],"collection":[{"href":"https:\/\/tabmortgages.ca\/fr\/wp-json\/wp\/v2\/pages"}],"about":[{"href":"https:\/\/tabmortgages.ca\/fr\/wp-json\/wp\/v2\/types\/page"}],"author":[{"embeddable":true,"href":"https:\/\/tabmortgages.ca\/fr\/wp-json\/wp\/v2\/users\/1"}],"replies":[{"embeddable":true,"href":"https:\/\/tabmortgages.ca\/fr\/wp-json\/wp\/v2\/comments?post=596"}],"version-history":[{"count":2,"href":"https:\/\/tabmortgages.ca\/fr\/wp-json\/wp\/v2\/pages\/596\/revisions"}],"predecessor-version":[{"id":918,"href":"https:\/\/tabmortgages.ca\/fr\/wp-json\/wp\/v2\/pages\/596\/revisions\/918"}],"up":[{"embeddable":true,"href":"https:\/\/tabmortgages.ca\/fr\/wp-json\/wp\/v2\/pages\/628"}],"wp:featuredmedia":[{"embeddable":true,"href":"https:\/\/tabmortgages.ca\/fr\/wp-json\/wp\/v2\/media\/525"}],"wp:attachment":[{"href":"https:\/\/tabmortgages.ca\/fr\/wp-json\/wp\/v2\/media?parent=596"}],"curies":[{"name":"wp","href":"https:\/\/api.w.org\/{rel}","templated":true}]}}